{"id":8725,"date":"2023-07-03T14:44:28","date_gmt":"2023-07-03T12:44:28","guid":{"rendered":"https:\/\/stage.hanimann-malerei.ch\/?page_id=8725"},"modified":"2023-07-12T09:33:26","modified_gmt":"2023-07-12T07:33:26","slug":"umweltschutz","status":"publish","type":"page","link":"https:\/\/www.hanimann-malerei.ch\/de\/umweltschutz\/","title":{"rendered":"Umweltschutz"},"content":{"rendered":"\t\t<div data-elementor-type=\"wp-page\" data-elementor-id=\"8725\" class=\"elementor elementor-8725\">\n\t\t\t\t\t\t\t\t\t<section class=\"elementor-section elementor-top-section elementor-element elementor-element-17f3108 prt-column-break-ipad-no prt-col-stretched-none elementor-section-boxed elementor-section-height-default elementor-section-height-default\" data-id=\"17f3108\" data-element_type=\"section\">\n\t\t\t\t\t\t<div class=\"elementor-container elementor-column-gap-default\">\n\t\t\t\t\t<div class=\"elementor-column elementor-col-50 elementor-top-column elementor-element elementor-element-28af559\" data-id=\"28af559\" data-element_type=\"column\">\n\t\t\t<div class=\"elementor-widget-wrap elementor-element-populated\">\n\t\t\t\t\t\t\t\t<div class=\"elementor-element elementor-element-7e6f35c elementor-widget elementor-widget-text-editor\" data-id=\"7e6f35c\" data-element_type=\"widget\" data-widget_type=\"text-editor.default\">\n\t\t\t\t<div class=\"elementor-widget-container\">\n\t\t\t<style>\/*! elementor - v3.14.0 - 18-06-2023 *\/\n.elementor-widget-text-editor.elementor-drop-cap-view-stacked .elementor-drop-cap{background-color:#69727d;color:#fff}.elementor-widget-text-editor.elementor-drop-cap-view-framed .elementor-drop-cap{color:#69727d;border:3px solid;background-color:transparent}.elementor-widget-text-editor:not(.elementor-drop-cap-view-default) .elementor-drop-cap{margin-top:8px}.elementor-widget-text-editor:not(.elementor-drop-cap-view-default) .elementor-drop-cap-letter{width:1em;height:1em}.elementor-widget-text-editor .elementor-drop-cap{float:left;text-align:center;line-height:1;font-size:50px}.elementor-widget-text-editor .elementor-drop-cap-letter{display:inline-block}<\/style>\t\t\t\t<h5 style=\"margin-bottom: 20px;\">UMWELTSCHUTZ wird bei uns GROSS geschrieben<\/h5><p><span style=\"margin-bottom: 20px; color: #000000;\"><strong style=\"display: block;\">Spaltanlage<\/strong><\/span><\/p><p>Alle Pinsel und Roller mit w\u00e4ssrigen Farben werden in unserer Spaltanlage gereinigt. Die R\u00fcckst\u00e4nde werden durch die Anlage gebunden und gefiltert. Das Wasser kann so bis zu 10mal wieder verwendet werden. Der Farbschlamm wird vorschriftsm\u00e4ssig entsorgt.<\/p>\t\t\t\t\t\t<\/div>\n\t\t\t\t<\/div>\n\t\t\t\t<div class=\"elementor-element elementor-element-5b437a7 elementor-widget elementor-widget-image\" data-id=\"5b437a7\" data-element_type=\"widget\" data-widget_type=\"image.default\">\n\t\t\t\t<div class=\"elementor-widget-container\">\n\t\t\t<style>\/*! elementor - v3.14.0 - 18-06-2023 *\/\n.elementor-widget-image{text-align:center}.elementor-widget-image a{display:inline-block}.elementor-widget-image a img[src$=\".svg\"]{width:48px}.elementor-widget-image img{vertical-align:middle;display:inline-block}<\/style>\t\t\t\t\t\t\t\t\t\t\t\t\t<a href=\"https:\/\/www.hanimann-malerei.ch\/wp-content\/uploads\/2023\/07\/spaltanlage.webp\" data-elementor-open-lightbox=\"yes\" data-elementor-lightbox-title=\"Spaltanlage\" data-e-action-hash=\"#elementor-action%3Aaction%3Dlightbox%26settings%3DeyJpZCI6OTU3NiwidXJsIjoiaHR0cHM6XC9cL3d3dy5oYW5pbWFubi1tYWxlcmVpLmNoXC93cC1jb250ZW50XC91cGxvYWRzXC8yMDIzXC8wN1wvc3BhbHRhbmxhZ2Uud2VicCJ9\">\n\t\t\t\t\t\t\t<img decoding=\"async\" width=\"300\" height=\"266\" src=\"https:\/\/www.hanimann-malerei.ch\/wp-content\/uploads\/2023\/07\/spaltanlage-300x266.webp\" class=\"attachment-medium size-medium wp-image-9576\" alt=\"Spaltanlage\" srcset=\"https:\/\/www.hanimann-malerei.ch\/wp-content\/uploads\/2023\/07\/spaltanlage-300x266.webp 300w, https:\/\/www.hanimann-malerei.ch\/wp-content\/uploads\/2023\/07\/spaltanlage-14x12.webp 14w, https:\/\/www.hanimann-malerei.ch\/wp-content\/uploads\/2023\/07\/spaltanlage-85x75.webp 85w, https:\/\/www.hanimann-malerei.ch\/wp-content\/uploads\/2023\/07\/spaltanlage.webp 338w\" sizes=\"(max-width: 300px) 100vw, 300px\" data-id=\"9576\" \/>\t\t\t\t\t\t\t\t<\/a>\n\t\t\t\t\t\t\t\t\t\t\t\t\t\t\t<\/div>\n\t\t\t\t<\/div>\n\t\t\t\t\t<\/div>\n\t\t<\/div>\n\t\t\t\t<div class=\"elementor-column elementor-col-50 elementor-top-column elementor-element elementor-element-0eec5f6 elementor-hidden-tablet elementor-hidden-mobile\" data-id=\"0eec5f6\" data-element_type=\"column\" data-settings=\"{&quot;background_background&quot;:&quot;classic&quot;}\">\n\t\t\t<div class=\"elementor-widget-wrap\">\n\t\t\t\t\t\t\t\t\t<\/div>\n\t\t<\/div>\n\t\t\t\t\t\t\t<\/div>\n\t\t<\/section>\n\t\t\t\t<section class=\"elementor-section elementor-top-section elementor-element elementor-element-ee31c8b prt-column-break-ipad-no prt-col-stretched-none elementor-section-boxed elementor-section-height-default elementor-section-height-default\" data-id=\"ee31c8b\" data-element_type=\"section\">\n\t\t\t\t\t\t<div class=\"elementor-container elementor-column-gap-default\">\n\t\t\t\t\t<div class=\"elementor-column elementor-col-50 elementor-top-column elementor-element elementor-element-9906237\" data-id=\"9906237\" data-element_type=\"column\">\n\t\t\t<div class=\"elementor-widget-wrap elementor-element-populated\">\n\t\t\t\t\t\t\t\t<div class=\"elementor-element elementor-element-234e495 elementor-widget elementor-widget-text-editor\" data-id=\"234e495\" data-element_type=\"widget\" data-widget_type=\"text-editor.default\">\n\t\t\t\t<div class=\"elementor-widget-container\">\n\t\t\t\t\t\t\t<p><span style=\"color: #000000;\"><strong>W\u00e4ssrige oder l\u00f6sungsmittelhaltige Anstrichmaterialien<\/strong><\/span><\/p>\n<p>Im Aussenbereich sei es auf Fassaden und neuem Holzwerk sind w\u00e4ssrige Anstriche die Regel. Auf altem Holzwerk m\u00fcssen infolge Flecken- oder Blasenbildung meistens l\u00f6sungsmittelhaltige Farben eingesetzt werden.<\/p>\n<p>Im Innenbereich werden l\u00f6sungsmittelhaltige Farben immer mehr durch wasserverd\u00fcnnbare Produkte ersetzt, entscheidend ist meistens der Untergrund und das erwartete Finish vom Kunden.<\/p>\n<p>Wir unterst\u00fctzen sie gerne in der Auswahl des besten Anstrichmaterials, um das optimale Farbergebnis zu erzielen.<\/p>\t\t\t\t\t\t<\/div>\n\t\t\t\t<\/div>\n\t\t\t\t\t<\/div>\n\t\t<\/div>\n\t\t\t\t<div class=\"elementor-column elementor-col-50 elementor-top-column elementor-element elementor-element-f6e43c6\" data-id=\"f6e43c6\" data-element_type=\"column\">\n\t\t\t<div class=\"elementor-widget-wrap elementor-element-populated\">\n\t\t\t\t\t\t\t\t<div class=\"elementor-element elementor-element-603c58f elementor-widget elementor-widget-image\" data-id=\"603c58f\" data-element_type=\"widget\" data-widget_type=\"image.default\">\n\t\t\t\t<div class=\"elementor-widget-container\">\n\t\t\t\t\t\t\t\t\t\t\t\t\t\t\t\t<a href=\"https:\/\/www.hanimann-malerei.ch\/wp-content\/uploads\/2023\/07\/Zertifikat.jpg\" data-elementor-open-lightbox=\"yes\" data-elementor-lightbox-title=\"Zertifikat\" data-e-action-hash=\"#elementor-action%3Aaction%3Dlightbox%26settings%3DeyJpZCI6OTcyMCwidXJsIjoiaHR0cHM6XC9cL3d3dy5oYW5pbWFubi1tYWxlcmVpLmNoXC93cC1jb250ZW50XC91cGxvYWRzXC8yMDIzXC8wN1wvWmVydGlmaWthdC5qcGcifQ%3D%3D\">\n\t\t\t\t\t\t\t<img decoding=\"async\" width=\"213\" height=\"300\" src=\"https:\/\/www.hanimann-malerei.ch\/wp-content\/uploads\/2023\/07\/Zertifikat-213x300.jpg\" class=\"attachment-medium size-medium wp-image-9720\" alt=\"Umweltschutz Malergewerbe Ost VUM\" srcset=\"https:\/\/www.hanimann-malerei.ch\/wp-content\/uploads\/2023\/07\/Zertifikat-213x300.jpg 213w, https:\/\/www.hanimann-malerei.ch\/wp-content\/uploads\/2023\/07\/Zertifikat-768x1084.jpg 768w, https:\/\/www.hanimann-malerei.ch\/wp-content\/uploads\/2023\/07\/Zertifikat-726x1024.jpg 726w, https:\/\/www.hanimann-malerei.ch\/wp-content\/uploads\/2023\/07\/Zertifikat-9x12.jpg 9w, https:\/\/www.hanimann-malerei.ch\/wp-content\/uploads\/2023\/07\/Zertifikat-85x120.jpg 85w, https:\/\/www.hanimann-malerei.ch\/wp-content\/uploads\/2023\/07\/Zertifikat-361x510.jpg 361w, https:\/\/www.hanimann-malerei.ch\/wp-content\/uploads\/2023\/07\/Zertifikat.jpg 793w\" sizes=\"(max-width: 213px) 100vw, 213px\" data-id=\"9720\" \/>\t\t\t\t\t\t\t\t<\/a>\n\t\t\t\t\t\t\t\t\t\t\t\t\t\t\t<\/div>\n\t\t\t\t<\/div>\n\t\t\t\t\t<\/div>\n\t\t<\/div>\n\t\t\t\t\t\t\t<\/div>\n\t\t<\/section>\n\t\t\t\t\t\t\t<\/div>\n\t\t","protected":false},"excerpt":{"rendered":"<p>UMWELTSCHUTZ wird bei uns GROSS geschrieben Spaltanlage Alle Pinsel und Roller mit w\u00e4ssrigen Farben werden in unserer Spaltanlage gereinigt. Die R\u00fcckst\u00e4nde werden durch die Anlage gebunden und gefiltert. Das Wasser kann so bis zu 10mal wieder verwendet werden. Der Farbschlamm wird vorschriftsm\u00e4ssig entsorgt. W\u00e4ssrige oder l\u00f6sungsmittelhaltige Anstrichmaterialien Im Aussenbereich sei es auf Fassaden und neuem &hellip; <a href=\"https:\/\/www.hanimann-malerei.ch\/de\/umweltschutz\/\" class=\"more-link\">Continue reading <span class=\"screen-reader-text\">Umweltschutz<\/span><\/a><\/p>\n","protected":false},"author":2,"featured_media":0,"parent":0,"menu_order":0,"comment_status":"closed","ping_status":"closed","template":"","meta":[],"yoast_head":"<!-- This site is optimized with the Yoast SEO plugin v19.14 - https:\/\/yoast.com\/wordpress\/plugins\/seo\/ -->\n<title>Umweltschutz - Malerei Gebr. Hanimann<\/title>\n<meta name=\"robots\" content=\"index, follow, max-snippet:-1, max-image-preview:large, max-video-preview:-1\" \/>\n<link rel=\"canonical\" href=\"https:\/\/stage.hanimann-malerei.ch\/de\/umweltschutz\/\" \/>\n<meta property=\"og:locale\" content=\"de_DE\" \/>\n<meta property=\"og:type\" content=\"article\" \/>\n<meta property=\"og:title\" content=\"Umweltschutz - Malerei Gebr. Hanimann\" \/>\n<meta property=\"og:description\" content=\"UMWELTSCHUTZ wird bei uns GROSS geschrieben Spaltanlage Alle Pinsel und Roller mit w\u00e4ssrigen Farben werden in unserer Spaltanlage gereinigt. Die R\u00fcckst\u00e4nde werden durch die Anlage gebunden und gefiltert. Das Wasser kann so bis zu 10mal wieder verwendet werden. Der Farbschlamm wird vorschriftsm\u00e4ssig entsorgt. W\u00e4ssrige oder l\u00f6sungsmittelhaltige Anstrichmaterialien Im Aussenbereich sei es auf Fassaden und neuem &hellip; Continue reading Umweltschutz\" \/>\n<meta property=\"og:url\" content=\"https:\/\/stage.hanimann-malerei.ch\/de\/umweltschutz\/\" \/>\n<meta property=\"og:site_name\" content=\"Malerei Gebr. Hanimann\" \/>\n<meta property=\"article:modified_time\" content=\"2023-07-12T07:33:26+00:00\" \/>\n<meta property=\"og:image\" content=\"https:\/\/stage.hanimann-malerei.ch\/wp-content\/uploads\/2023\/07\/spaltanlage-300x266.webp\" \/>\n<meta name=\"twitter:card\" content=\"summary_large_image\" \/>\n<meta name=\"twitter:label1\" content=\"Est. reading time\" \/>\n\t<meta name=\"twitter:data1\" content=\"1 Minute\" \/>\n<script type=\"application\/ld+json\" class=\"yoast-schema-graph\">{\"@context\":\"https:\/\/schema.org\",\"@graph\":[{\"@type\":\"WebPage\",\"@id\":\"https:\/\/stage.hanimann-malerei.ch\/de\/umweltschutz\/\",\"url\":\"https:\/\/stage.hanimann-malerei.ch\/de\/umweltschutz\/\",\"name\":\"Umweltschutz - Malerei Gebr. Hanimann\",\"isPartOf\":{\"@id\":\"https:\/\/stage.hanimann-malerei.ch\/de\/#website\"},\"datePublished\":\"2023-07-03T12:44:28+00:00\",\"dateModified\":\"2023-07-12T07:33:26+00:00\",\"breadcrumb\":{\"@id\":\"https:\/\/stage.hanimann-malerei.ch\/de\/umweltschutz\/#breadcrumb\"},\"inLanguage\":\"de-CH\",\"potentialAction\":[{\"@type\":\"ReadAction\",\"target\":[\"https:\/\/stage.hanimann-malerei.ch\/de\/umweltschutz\/\"]}]},{\"@type\":\"BreadcrumbList\",\"@id\":\"https:\/\/stage.hanimann-malerei.ch\/de\/umweltschutz\/#breadcrumb\",\"itemListElement\":[{\"@type\":\"ListItem\",\"position\":1,\"name\":\"Startseite\",\"item\":\"https:\/\/www.hanimann-malerei.ch\/\"},{\"@type\":\"ListItem\",\"position\":2,\"name\":\"Umweltschutz\"}]},{\"@type\":\"WebSite\",\"@id\":\"https:\/\/stage.hanimann-malerei.ch\/de\/#website\",\"url\":\"https:\/\/stage.hanimann-malerei.ch\/de\/\",\"name\":\"Malerei Gebr. Hanimann\",\"description\":\"\",\"potentialAction\":[{\"@type\":\"SearchAction\",\"target\":{\"@type\":\"EntryPoint\",\"urlTemplate\":\"https:\/\/stage.hanimann-malerei.ch\/de\/?s={search_term_string}\"},\"query-input\":\"required name=search_term_string\"}],\"inLanguage\":\"de-CH\"}]}<\/script>\n<!-- \/ Yoast SEO plugin. -->","yoast_head_json":{"title":"Umweltschutz - Malerei Gebr. Hanimann","robots":{"index":"index","follow":"follow","max-snippet":"max-snippet:-1","max-image-preview":"max-image-preview:large","max-video-preview":"max-video-preview:-1"},"canonical":"https:\/\/stage.hanimann-malerei.ch\/de\/umweltschutz\/","og_locale":"de_DE","og_type":"article","og_title":"Umweltschutz - Malerei Gebr. Hanimann","og_description":"UMWELTSCHUTZ wird bei uns GROSS geschrieben Spaltanlage Alle Pinsel und Roller mit w\u00e4ssrigen Farben werden in unserer Spaltanlage gereinigt. Die R\u00fcckst\u00e4nde werden durch die Anlage gebunden und gefiltert. Das Wasser kann so bis zu 10mal wieder verwendet werden. Der Farbschlamm wird vorschriftsm\u00e4ssig entsorgt. W\u00e4ssrige oder l\u00f6sungsmittelhaltige Anstrichmaterialien Im Aussenbereich sei es auf Fassaden und neuem &hellip; Continue reading Umweltschutz","og_url":"https:\/\/stage.hanimann-malerei.ch\/de\/umweltschutz\/","og_site_name":"Malerei Gebr. Hanimann","article_modified_time":"2023-07-12T07:33:26+00:00","og_image":[{"url":"https:\/\/stage.hanimann-malerei.ch\/wp-content\/uploads\/2023\/07\/spaltanlage-300x266.webp"}],"twitter_card":"summary_large_image","twitter_misc":{"Est. reading time":"1 Minute"},"schema":{"@context":"https:\/\/schema.org","@graph":[{"@type":"WebPage","@id":"https:\/\/stage.hanimann-malerei.ch\/de\/umweltschutz\/","url":"https:\/\/stage.hanimann-malerei.ch\/de\/umweltschutz\/","name":"Umweltschutz - Malerei Gebr. Hanimann","isPartOf":{"@id":"https:\/\/stage.hanimann-malerei.ch\/de\/#website"},"datePublished":"2023-07-03T12:44:28+00:00","dateModified":"2023-07-12T07:33:26+00:00","breadcrumb":{"@id":"https:\/\/stage.hanimann-malerei.ch\/de\/umweltschutz\/#breadcrumb"},"inLanguage":"de-CH","potentialAction":[{"@type":"ReadAction","target":["https:\/\/stage.hanimann-malerei.ch\/de\/umweltschutz\/"]}]},{"@type":"BreadcrumbList","@id":"https:\/\/stage.hanimann-malerei.ch\/de\/umweltschutz\/#breadcrumb","itemListElement":[{"@type":"ListItem","position":1,"name":"Startseite","item":"https:\/\/www.hanimann-malerei.ch\/"},{"@type":"ListItem","position":2,"name":"Umweltschutz"}]},{"@type":"WebSite","@id":"https:\/\/stage.hanimann-malerei.ch\/de\/#website","url":"https:\/\/stage.hanimann-malerei.ch\/de\/","name":"Malerei Gebr. Hanimann","description":"","potentialAction":[{"@type":"SearchAction","target":{"@type":"EntryPoint","urlTemplate":"https:\/\/stage.hanimann-malerei.ch\/de\/?s={search_term_string}"},"query-input":"required name=search_term_string"}],"inLanguage":"de-CH"}]}},"_links":{"self":[{"href":"https:\/\/www.hanimann-malerei.ch\/de\/wp-json\/wp\/v2\/pages\/8725"}],"collection":[{"href":"https:\/\/www.hanimann-malerei.ch\/de\/wp-json\/wp\/v2\/pages"}],"about":[{"href":"https:\/\/www.hanimann-malerei.ch\/de\/wp-json\/wp\/v2\/types\/page"}],"author":[{"embeddable":true,"href":"https:\/\/www.hanimann-malerei.ch\/de\/wp-json\/wp\/v2\/users\/2"}],"replies":[{"embeddable":true,"href":"https:\/\/www.hanimann-malerei.ch\/de\/wp-json\/wp\/v2\/comments?post=8725"}],"version-history":[{"count":0,"href":"https:\/\/www.hanimann-malerei.ch\/de\/wp-json\/wp\/v2\/pages\/8725\/revisions"}],"wp:attachment":[{"href":"https:\/\/www.hanimann-malerei.ch\/de\/wp-json\/wp\/v2\/media?parent=8725"}],"curies":[{"name":"wp","href":"https:\/\/api.w.org\/{rel}","templated":true}]}}