{"id":8731,"date":"2023-07-03T14:48:30","date_gmt":"2023-07-03T12:48:30","guid":{"rendered":"https:\/\/stage.hanimann-malerei.ch\/?page_id=8731"},"modified":"2023-07-12T09:19:45","modified_gmt":"2023-07-12T07:19:45","slug":"impressum","status":"publish","type":"page","link":"https:\/\/www.hanimann-malerei.ch\/de\/impressum\/","title":{"rendered":"Impressum"},"content":{"rendered":"\t\t<div data-elementor-type=\"wp-page\" data-elementor-id=\"8731\" class=\"elementor elementor-8731\">\n\t\t\t\t\t\t\t\t\t<section class=\"elementor-section elementor-top-section elementor-element elementor-element-f704d67 prt-column-break-ipad-no prt-col-stretched-none elementor-section-boxed elementor-section-height-default elementor-section-height-default\" data-id=\"f704d67\" data-element_type=\"section\">\n\t\t\t\t\t\t<div class=\"elementor-container elementor-column-gap-default\">\n\t\t\t\t\t<div class=\"elementor-column elementor-col-50 elementor-top-column elementor-element elementor-element-f3f7101\" data-id=\"f3f7101\" data-element_type=\"column\">\n\t\t\t<div class=\"elementor-widget-wrap elementor-element-populated\">\n\t\t\t\t\t\t\t\t<div class=\"elementor-element elementor-element-573db58 elementor-widget elementor-widget-text-editor\" data-id=\"573db58\" data-element_type=\"widget\" data-widget_type=\"text-editor.default\">\n\t\t\t\t<div class=\"elementor-widget-container\">\n\t\t\t<style>\/*! elementor - v3.14.0 - 18-06-2023 *\/\n.elementor-widget-text-editor.elementor-drop-cap-view-stacked .elementor-drop-cap{background-color:#69727d;color:#fff}.elementor-widget-text-editor.elementor-drop-cap-view-framed .elementor-drop-cap{color:#69727d;border:3px solid;background-color:transparent}.elementor-widget-text-editor:not(.elementor-drop-cap-view-default) .elementor-drop-cap{margin-top:8px}.elementor-widget-text-editor:not(.elementor-drop-cap-view-default) .elementor-drop-cap-letter{width:1em;height:1em}.elementor-widget-text-editor .elementor-drop-cap{float:left;text-align:center;line-height:1;font-size:50px}.elementor-widget-text-editor .elementor-drop-cap-letter{display:inline-block}<\/style>\t\t\t\t<div class=\"elementor-element elementor-element-c6e21de content-page elementor-widget elementor-widget-theme-post-content\" data-id=\"c6e21de\" data-element_type=\"widget\" data-widget_type=\"theme-post-content.default\">\n<div class=\"elementor-widget-container\">\n<h5><span style=\"font-size: 24pt;\"><strong>Herausgeber<\/strong><\/span><\/h5>\n<p>Gebr. Hanimann AG<br>\nSchuppisstrasse&nbsp;3<br>\n<span class=\"no-mobile\">CH-<\/span>9016&nbsp;St.&nbsp;Gallen<\/p>\n<p>Gesch\u00e4ftsf\u00fchrer: Marcel Fiedler<\/p>\n<h5><span style=\"font-size: 24pt;\">Haftungsausschluss<\/span><\/h5>\n<p>Herausgeber und Autoren \u00fcbernehmen keinerlei Gew\u00e4hr hinsichtlich der inhaltlichen Richtigkeit, Genauigkeit, Aktualit\u00e4t, Zuverl\u00e4ssigkeit und Vollst\u00e4ndigkeit der Informationen.<br>\nHaftungsanspr\u00fcche gegen Herausgeber oder Autoren wegen Sch\u00e4den materieller oder immaterieller Art, welche aus dem Zugriff oder der Nutzung bzw. Nichtnutzung der ver\u00f6ffentlichten Informationen, durch Missbrauch der Verbindung oder durch technische St\u00f6rungen entstanden sind, werden ausgeschlossen.<br>\nAlle Angebote sind unverbindlich. Die Gebr. Hanimann AG&nbsp;beh\u00e4lt es sich vor, Teile der Seiten oder das gesamte Angebot ohne gesonderte Ank\u00fcndigung zu ver\u00e4ndern, zu erg\u00e4nzen, zu l\u00f6schen oder die Ver\u00f6ffentlichung zeitweise oder endg\u00fcltig einzustellen.<\/p>\n<h5>Haftung f\u00fcr Links<\/h5>\n<p>Verweise und Links auf Webseiten Dritter liegen ausserhalb unseres Verantwortungsbereichs. Es wird jegliche Verantwortung f\u00fcr solche Webseiten abgelehnt. Der Zugriff und die Nutzung solcher Webseiten erfolgen auf eigene Gefahr des Nutzers oder der Nutzerin.<\/p>\n<h5>Urheberrechte<\/h5>\n<p>Die Urheber- und alle anderen Rechte an Inhalten, Bildern, Fotos oder anderen Dateien auf der Website geh\u00f6ren ausschliesslich der Gebr. Hanimann AG oder den speziell genannten Rechtsinhabern. F\u00fcr die Reproduktion jeglicher Elemente gelten die Markenrechte.<\/p>\n<\/div>\n<\/div>\t\t\t\t\t\t<\/div>\n\t\t\t\t<\/div>\n\t\t\t\t\t<\/div>\n\t\t<\/div>\n\t\t\t\t<div class=\"elementor-column elementor-col-50 elementor-top-column elementor-element elementor-element-89be470\" data-id=\"89be470\" data-element_type=\"column\">\n\t\t\t<div class=\"elementor-widget-wrap\">\n\t\t\t\t\t\t\t\t\t<\/div>\n\t\t<\/div>\n\t\t\t\t\t\t\t<\/div>\n\t\t<\/section>\n\t\t\t\t\t\t\t<\/div>\n\t\t","protected":false},"excerpt":{"rendered":"<p>Herausgeber Gebr. Hanimann AG Schuppisstrasse&nbsp;3 CH-9016&nbsp;St.&nbsp;Gallen Gesch\u00e4ftsf\u00fchrer: Marcel Fiedler Haftungsausschluss Herausgeber und Autoren \u00fcbernehmen keinerlei Gew\u00e4hr hinsichtlich der inhaltlichen Richtigkeit, Genauigkeit, Aktualit\u00e4t, Zuverl\u00e4ssigkeit und Vollst\u00e4ndigkeit der Informationen. Haftungsanspr\u00fcche gegen Herausgeber oder Autoren wegen Sch\u00e4den materieller oder immaterieller Art, welche aus dem Zugriff oder der Nutzung bzw. Nichtnutzung der ver\u00f6ffentlichten Informationen, durch Missbrauch der Verbindung oder &hellip; <a href=\"https:\/\/www.hanimann-malerei.ch\/de\/impressum\/\" class=\"more-link\">Continue reading <span class=\"screen-reader-text\">Impressum<\/span><\/a><\/p>\n","protected":false},"author":2,"featured_media":0,"parent":0,"menu_order":0,"comment_status":"closed","ping_status":"closed","template":"","meta":[],"yoast_head":"<!-- This site is optimized with the Yoast SEO plugin v19.14 - https:\/\/yoast.com\/wordpress\/plugins\/seo\/ -->\n<title>Impressum - Malerei Gebr. Hanimann<\/title>\n<meta name=\"robots\" content=\"index, follow, max-snippet:-1, max-image-preview:large, max-video-preview:-1\" \/>\n<link rel=\"canonical\" href=\"https:\/\/stage.hanimann-malerei.ch\/de\/impressum\/\" \/>\n<meta property=\"og:locale\" content=\"de_DE\" \/>\n<meta property=\"og:type\" content=\"article\" \/>\n<meta property=\"og:title\" content=\"Impressum - Malerei Gebr. Hanimann\" \/>\n<meta property=\"og:description\" content=\"Herausgeber Gebr. Hanimann AG Schuppisstrasse&nbsp;3 CH-9016&nbsp;St.&nbsp;Gallen Gesch\u00e4ftsf\u00fchrer: Marcel Fiedler Haftungsausschluss Herausgeber und Autoren \u00fcbernehmen keinerlei Gew\u00e4hr hinsichtlich der inhaltlichen Richtigkeit, Genauigkeit, Aktualit\u00e4t, Zuverl\u00e4ssigkeit und Vollst\u00e4ndigkeit der Informationen. Haftungsanspr\u00fcche gegen Herausgeber oder Autoren wegen Sch\u00e4den materieller oder immaterieller Art, welche aus dem Zugriff oder der Nutzung bzw. Nichtnutzung der ver\u00f6ffentlichten Informationen, durch Missbrauch der Verbindung oder &hellip; Continue reading Impressum\" \/>\n<meta property=\"og:url\" content=\"https:\/\/stage.hanimann-malerei.ch\/de\/impressum\/\" \/>\n<meta property=\"og:site_name\" content=\"Malerei Gebr. Hanimann\" \/>\n<meta property=\"article:modified_time\" content=\"2023-07-12T07:19:45+00:00\" \/>\n<meta name=\"twitter:card\" content=\"summary_large_image\" \/>\n<meta name=\"twitter:label1\" content=\"Est. reading time\" \/>\n\t<meta name=\"twitter:data1\" content=\"1 Minute\" \/>\n<script type=\"application\/ld+json\" class=\"yoast-schema-graph\">{\"@context\":\"https:\/\/schema.org\",\"@graph\":[{\"@type\":\"WebPage\",\"@id\":\"https:\/\/stage.hanimann-malerei.ch\/de\/impressum\/\",\"url\":\"https:\/\/stage.hanimann-malerei.ch\/de\/impressum\/\",\"name\":\"Impressum - Malerei Gebr. Hanimann\",\"isPartOf\":{\"@id\":\"https:\/\/stage.hanimann-malerei.ch\/de\/#website\"},\"datePublished\":\"2023-07-03T12:48:30+00:00\",\"dateModified\":\"2023-07-12T07:19:45+00:00\",\"breadcrumb\":{\"@id\":\"https:\/\/stage.hanimann-malerei.ch\/de\/impressum\/#breadcrumb\"},\"inLanguage\":\"de-CH\",\"potentialAction\":[{\"@type\":\"ReadAction\",\"target\":[\"https:\/\/stage.hanimann-malerei.ch\/de\/impressum\/\"]}]},{\"@type\":\"BreadcrumbList\",\"@id\":\"https:\/\/stage.hanimann-malerei.ch\/de\/impressum\/#breadcrumb\",\"itemListElement\":[{\"@type\":\"ListItem\",\"position\":1,\"name\":\"Startseite\",\"item\":\"https:\/\/www.hanimann-malerei.ch\/\"},{\"@type\":\"ListItem\",\"position\":2,\"name\":\"Impressum\"}]},{\"@type\":\"WebSite\",\"@id\":\"https:\/\/stage.hanimann-malerei.ch\/de\/#website\",\"url\":\"https:\/\/stage.hanimann-malerei.ch\/de\/\",\"name\":\"Malerei Gebr. Hanimann\",\"description\":\"\",\"potentialAction\":[{\"@type\":\"SearchAction\",\"target\":{\"@type\":\"EntryPoint\",\"urlTemplate\":\"https:\/\/stage.hanimann-malerei.ch\/de\/?s={search_term_string}\"},\"query-input\":\"required name=search_term_string\"}],\"inLanguage\":\"de-CH\"}]}<\/script>\n<!-- \/ Yoast SEO plugin. -->","yoast_head_json":{"title":"Impressum - Malerei Gebr. Hanimann","robots":{"index":"index","follow":"follow","max-snippet":"max-snippet:-1","max-image-preview":"max-image-preview:large","max-video-preview":"max-video-preview:-1"},"canonical":"https:\/\/stage.hanimann-malerei.ch\/de\/impressum\/","og_locale":"de_DE","og_type":"article","og_title":"Impressum - Malerei Gebr. Hanimann","og_description":"Herausgeber Gebr. Hanimann AG Schuppisstrasse&nbsp;3 CH-9016&nbsp;St.&nbsp;Gallen Gesch\u00e4ftsf\u00fchrer: Marcel Fiedler Haftungsausschluss Herausgeber und Autoren \u00fcbernehmen keinerlei Gew\u00e4hr hinsichtlich der inhaltlichen Richtigkeit, Genauigkeit, Aktualit\u00e4t, Zuverl\u00e4ssigkeit und Vollst\u00e4ndigkeit der Informationen. Haftungsanspr\u00fcche gegen Herausgeber oder Autoren wegen Sch\u00e4den materieller oder immaterieller Art, welche aus dem Zugriff oder der Nutzung bzw. Nichtnutzung der ver\u00f6ffentlichten Informationen, durch Missbrauch der Verbindung oder &hellip; Continue reading Impressum","og_url":"https:\/\/stage.hanimann-malerei.ch\/de\/impressum\/","og_site_name":"Malerei Gebr. Hanimann","article_modified_time":"2023-07-12T07:19:45+00:00","twitter_card":"summary_large_image","twitter_misc":{"Est. reading time":"1 Minute"},"schema":{"@context":"https:\/\/schema.org","@graph":[{"@type":"WebPage","@id":"https:\/\/stage.hanimann-malerei.ch\/de\/impressum\/","url":"https:\/\/stage.hanimann-malerei.ch\/de\/impressum\/","name":"Impressum - Malerei Gebr. Hanimann","isPartOf":{"@id":"https:\/\/stage.hanimann-malerei.ch\/de\/#website"},"datePublished":"2023-07-03T12:48:30+00:00","dateModified":"2023-07-12T07:19:45+00:00","breadcrumb":{"@id":"https:\/\/stage.hanimann-malerei.ch\/de\/impressum\/#breadcrumb"},"inLanguage":"de-CH","potentialAction":[{"@type":"ReadAction","target":["https:\/\/stage.hanimann-malerei.ch\/de\/impressum\/"]}]},{"@type":"BreadcrumbList","@id":"https:\/\/stage.hanimann-malerei.ch\/de\/impressum\/#breadcrumb","itemListElement":[{"@type":"ListItem","position":1,"name":"Startseite","item":"https:\/\/www.hanimann-malerei.ch\/"},{"@type":"ListItem","position":2,"name":"Impressum"}]},{"@type":"WebSite","@id":"https:\/\/stage.hanimann-malerei.ch\/de\/#website","url":"https:\/\/stage.hanimann-malerei.ch\/de\/","name":"Malerei Gebr. Hanimann","description":"","potentialAction":[{"@type":"SearchAction","target":{"@type":"EntryPoint","urlTemplate":"https:\/\/stage.hanimann-malerei.ch\/de\/?s={search_term_string}"},"query-input":"required name=search_term_string"}],"inLanguage":"de-CH"}]}},"_links":{"self":[{"href":"https:\/\/www.hanimann-malerei.ch\/de\/wp-json\/wp\/v2\/pages\/8731"}],"collection":[{"href":"https:\/\/www.hanimann-malerei.ch\/de\/wp-json\/wp\/v2\/pages"}],"about":[{"href":"https:\/\/www.hanimann-malerei.ch\/de\/wp-json\/wp\/v2\/types\/page"}],"author":[{"embeddable":true,"href":"https:\/\/www.hanimann-malerei.ch\/de\/wp-json\/wp\/v2\/users\/2"}],"replies":[{"embeddable":true,"href":"https:\/\/www.hanimann-malerei.ch\/de\/wp-json\/wp\/v2\/comments?post=8731"}],"version-history":[{"count":0,"href":"https:\/\/www.hanimann-malerei.ch\/de\/wp-json\/wp\/v2\/pages\/8731\/revisions"}],"wp:attachment":[{"href":"https:\/\/www.hanimann-malerei.ch\/de\/wp-json\/wp\/v2\/media?parent=8731"}],"curies":[{"name":"wp","href":"https:\/\/api.w.org\/{rel}","templated":true}]}}