{"id":8733,"date":"2023-07-03T14:48:54","date_gmt":"2023-07-03T12:48:54","guid":{"rendered":"https:\/\/stage.hanimann-malerei.ch\/?page_id=8733"},"modified":"2023-07-12T09:19:33","modified_gmt":"2023-07-12T07:19:33","slug":"datenschutz","status":"publish","type":"page","link":"https:\/\/www.hanimann-malerei.ch\/de\/datenschutz\/","title":{"rendered":"Datenschutz"},"content":{"rendered":"\t\t<div data-elementor-type=\"wp-page\" data-elementor-id=\"8733\" class=\"elementor elementor-8733\">\n\t\t\t\t\t\t\t\t\t<section class=\"elementor-section elementor-top-section elementor-element elementor-element-2662011 prt-column-break-ipad-no prt-col-stretched-none elementor-section-boxed elementor-section-height-default elementor-section-height-default\" data-id=\"2662011\" data-element_type=\"section\">\n\t\t\t\t\t\t<div class=\"elementor-container elementor-column-gap-default\">\n\t\t\t\t\t<div class=\"elementor-column elementor-col-50 elementor-top-column elementor-element elementor-element-6373aa7\" data-id=\"6373aa7\" data-element_type=\"column\">\n\t\t\t<div class=\"elementor-widget-wrap elementor-element-populated\">\n\t\t\t\t\t\t\t\t<div class=\"elementor-element elementor-element-b6fad2e elementor-widget__width-initial elementor-widget elementor-widget-text-editor\" data-id=\"b6fad2e\" data-element_type=\"widget\" data-widget_type=\"text-editor.default\">\n\t\t\t\t<div class=\"elementor-widget-container\">\n\t\t\t<style>\/*! elementor - v3.14.0 - 18-06-2023 *\/\n.elementor-widget-text-editor.elementor-drop-cap-view-stacked .elementor-drop-cap{background-color:#69727d;color:#fff}.elementor-widget-text-editor.elementor-drop-cap-view-framed .elementor-drop-cap{color:#69727d;border:3px solid;background-color:transparent}.elementor-widget-text-editor:not(.elementor-drop-cap-view-default) .elementor-drop-cap{margin-top:8px}.elementor-widget-text-editor:not(.elementor-drop-cap-view-default) .elementor-drop-cap-letter{width:1em;height:1em}.elementor-widget-text-editor .elementor-drop-cap{float:left;text-align:center;line-height:1;font-size:50px}.elementor-widget-text-editor .elementor-drop-cap-letter{display:inline-block}<\/style>\t\t\t\t<h5><span style=\"font-size: 24pt;\">Verantwortliche Stelle f\u00fcr die geltenden Datenschutzgesetze,<\/span><\/h5><p>Schuppisstrasse 3<br \/>CH-9016 St. Gallen<br \/>Gesch\u00e4ftsf\u00fchrer:\u00a0 Marcel Fiedler<br \/>Link zum <a href=\"\/de\/impressum\/\">Impressum<\/a><\/p><h5><span style=\"font-size: 24pt;\">Datenschutzerkl\u00e4rung f\u00fcr die Nutzung von Google Analytics<\/span><\/h5><p>Diese Website benutzt Google Analytics, einen Webanalysedienst der Google Inc. (\u201cGoogle\u201d). Google Analytics verwendet sog. \u201cCookies\u201d, Textdateien, die auf Ihrem Computer gespeichert werden und die eine Analyse der Benutzung der Website durch Sie erm\u00f6glichen. Die durch den Cookie erzeugten Informationen \u00fcber Ihre Benutzung dieser Website werden in der Regel an einen Server von Google in den USA \u00fcbertragen und dort gespeichert. Im Falle der Aktivierung der IP-Anonymisierung auf dieser Webseite wird Ihre IP-Adresse von Google jedoch innerhalb von Mitgliedstaaten der Europ\u00e4ischen Union oder in anderen Vertragsstaaten des Abkommens \u00fcber den Europ\u00e4ischen Wirtschaftsraum zuvor gek\u00fcrzt. Nur in Ausnahmef\u00e4llen wird die volle IP-Adresse an einen Server von Google in den USA \u00fcbertragen und dort gek\u00fcrzt. Google wird diese Informationen benutzen, um Ihre Nutzung der Website auszuwerten, um Reports \u00fcber die Websiteaktivit\u00e4ten f\u00fcr die Websitebetreiber zusammenzustellen und um weitere mit der Websitenutzung und der Internetnutzung verbundene Dienstleistungen zu erbringen. Auch wird Google diese Informationen gegebenenfalls an Dritte \u00fcbertragen, sofern dies gesetzlich vorgeschrieben oder soweit Dritte diese Daten im Auftrag von Google verarbeiten. Die im Rahmen von Google Analytics von Ihrem Browser \u00fcbermittelte IP-Adresse wird nicht mit anderen Daten von Google zusammengef\u00fchrt. Sie k\u00f6nnen die Installation der Cookies durch eine entsprechende Einstellung Ihrer Browser Software verhindern; wir weisen Sie jedoch darauf hin, dass Sie in diesem Fall gegebenenfalls nicht s\u00e4mtliche Funktionen dieser Website voll umf\u00e4nglich nutzen k\u00f6nnen. Durch die Nutzung dieser Website erkl\u00e4ren Sie sich mit der Bearbeitung der \u00fcber Sie erhobenen Daten durch Google in der zuvor beschriebenen Art und Weise und zu dem zuvor benannten Zweck einverstanden.<\/p>\t\t\t\t\t\t<\/div>\n\t\t\t\t<\/div>\n\t\t\t\t\t<\/div>\n\t\t<\/div>\n\t\t\t\t<div class=\"elementor-column elementor-col-50 elementor-top-column elementor-element elementor-element-4f5e83a\" data-id=\"4f5e83a\" data-element_type=\"column\">\n\t\t\t<div class=\"elementor-widget-wrap\">\n\t\t\t\t\t\t\t\t\t<\/div>\n\t\t<\/div>\n\t\t\t\t\t\t\t<\/div>\n\t\t<\/section>\n\t\t\t\t\t\t\t<\/div>\n\t\t","protected":false},"excerpt":{"rendered":"<p>Verantwortliche Stelle f\u00fcr die geltenden Datenschutzgesetze, Schuppisstrasse 3CH-9016 St. GallenGesch\u00e4ftsf\u00fchrer:\u00a0 Marcel FiedlerLink zum Impressum Datenschutzerkl\u00e4rung f\u00fcr die Nutzung von Google Analytics Diese Website benutzt Google Analytics, einen Webanalysedienst der Google Inc. (\u201cGoogle\u201d). Google Analytics verwendet sog. \u201cCookies\u201d, Textdateien, die auf Ihrem Computer gespeichert werden und die eine Analyse der Benutzung der Website durch Sie erm\u00f6glichen. &hellip; <a href=\"https:\/\/www.hanimann-malerei.ch\/de\/datenschutz\/\" class=\"more-link\">Continue reading <span class=\"screen-reader-text\">Datenschutz<\/span><\/a><\/p>\n","protected":false},"author":2,"featured_media":0,"parent":0,"menu_order":0,"comment_status":"closed","ping_status":"closed","template":"","meta":[],"yoast_head":"<!-- This site is optimized with the Yoast SEO plugin v19.14 - https:\/\/yoast.com\/wordpress\/plugins\/seo\/ -->\n<title>Datenschutz - Malerei Gebr. Hanimann<\/title>\n<meta name=\"robots\" content=\"index, follow, max-snippet:-1, max-image-preview:large, max-video-preview:-1\" \/>\n<link rel=\"canonical\" href=\"https:\/\/stage.hanimann-malerei.ch\/de\/datenschutz\/\" \/>\n<meta property=\"og:locale\" content=\"de_DE\" \/>\n<meta property=\"og:type\" content=\"article\" \/>\n<meta property=\"og:title\" content=\"Datenschutz - Malerei Gebr. Hanimann\" \/>\n<meta property=\"og:description\" content=\"Verantwortliche Stelle f\u00fcr die geltenden Datenschutzgesetze, Schuppisstrasse 3CH-9016 St. GallenGesch\u00e4ftsf\u00fchrer:\u00a0 Marcel FiedlerLink zum Impressum Datenschutzerkl\u00e4rung f\u00fcr die Nutzung von Google Analytics Diese Website benutzt Google Analytics, einen Webanalysedienst der Google Inc. (\u201cGoogle\u201d). Google Analytics verwendet sog. \u201cCookies\u201d, Textdateien, die auf Ihrem Computer gespeichert werden und die eine Analyse der Benutzung der Website durch Sie erm\u00f6glichen. &hellip; Continue reading Datenschutz\" \/>\n<meta property=\"og:url\" content=\"https:\/\/stage.hanimann-malerei.ch\/de\/datenschutz\/\" \/>\n<meta property=\"og:site_name\" content=\"Malerei Gebr. Hanimann\" \/>\n<meta property=\"article:modified_time\" content=\"2023-07-12T07:19:33+00:00\" \/>\n<meta name=\"twitter:card\" content=\"summary_large_image\" \/>\n<meta name=\"twitter:label1\" content=\"Est. reading time\" \/>\n\t<meta name=\"twitter:data1\" content=\"1 Minute\" \/>\n<script type=\"application\/ld+json\" class=\"yoast-schema-graph\">{\"@context\":\"https:\/\/schema.org\",\"@graph\":[{\"@type\":\"WebPage\",\"@id\":\"https:\/\/stage.hanimann-malerei.ch\/de\/datenschutz\/\",\"url\":\"https:\/\/stage.hanimann-malerei.ch\/de\/datenschutz\/\",\"name\":\"Datenschutz - Malerei Gebr. Hanimann\",\"isPartOf\":{\"@id\":\"https:\/\/stage.hanimann-malerei.ch\/de\/#website\"},\"datePublished\":\"2023-07-03T12:48:54+00:00\",\"dateModified\":\"2023-07-12T07:19:33+00:00\",\"breadcrumb\":{\"@id\":\"https:\/\/stage.hanimann-malerei.ch\/de\/datenschutz\/#breadcrumb\"},\"inLanguage\":\"de-CH\",\"potentialAction\":[{\"@type\":\"ReadAction\",\"target\":[\"https:\/\/stage.hanimann-malerei.ch\/de\/datenschutz\/\"]}]},{\"@type\":\"BreadcrumbList\",\"@id\":\"https:\/\/stage.hanimann-malerei.ch\/de\/datenschutz\/#breadcrumb\",\"itemListElement\":[{\"@type\":\"ListItem\",\"position\":1,\"name\":\"Startseite\",\"item\":\"https:\/\/www.hanimann-malerei.ch\/\"},{\"@type\":\"ListItem\",\"position\":2,\"name\":\"Datenschutz\"}]},{\"@type\":\"WebSite\",\"@id\":\"https:\/\/stage.hanimann-malerei.ch\/de\/#website\",\"url\":\"https:\/\/stage.hanimann-malerei.ch\/de\/\",\"name\":\"Malerei Gebr. Hanimann\",\"description\":\"\",\"potentialAction\":[{\"@type\":\"SearchAction\",\"target\":{\"@type\":\"EntryPoint\",\"urlTemplate\":\"https:\/\/stage.hanimann-malerei.ch\/de\/?s={search_term_string}\"},\"query-input\":\"required name=search_term_string\"}],\"inLanguage\":\"de-CH\"}]}<\/script>\n<!-- \/ Yoast SEO plugin. -->","yoast_head_json":{"title":"Datenschutz - Malerei Gebr. Hanimann","robots":{"index":"index","follow":"follow","max-snippet":"max-snippet:-1","max-image-preview":"max-image-preview:large","max-video-preview":"max-video-preview:-1"},"canonical":"https:\/\/stage.hanimann-malerei.ch\/de\/datenschutz\/","og_locale":"de_DE","og_type":"article","og_title":"Datenschutz - Malerei Gebr. Hanimann","og_description":"Verantwortliche Stelle f\u00fcr die geltenden Datenschutzgesetze, Schuppisstrasse 3CH-9016 St. GallenGesch\u00e4ftsf\u00fchrer:\u00a0 Marcel FiedlerLink zum Impressum Datenschutzerkl\u00e4rung f\u00fcr die Nutzung von Google Analytics Diese Website benutzt Google Analytics, einen Webanalysedienst der Google Inc. (\u201cGoogle\u201d). Google Analytics verwendet sog. \u201cCookies\u201d, Textdateien, die auf Ihrem Computer gespeichert werden und die eine Analyse der Benutzung der Website durch Sie erm\u00f6glichen. &hellip; Continue reading Datenschutz","og_url":"https:\/\/stage.hanimann-malerei.ch\/de\/datenschutz\/","og_site_name":"Malerei Gebr. Hanimann","article_modified_time":"2023-07-12T07:19:33+00:00","twitter_card":"summary_large_image","twitter_misc":{"Est. reading time":"1 Minute"},"schema":{"@context":"https:\/\/schema.org","@graph":[{"@type":"WebPage","@id":"https:\/\/stage.hanimann-malerei.ch\/de\/datenschutz\/","url":"https:\/\/stage.hanimann-malerei.ch\/de\/datenschutz\/","name":"Datenschutz - Malerei Gebr. Hanimann","isPartOf":{"@id":"https:\/\/stage.hanimann-malerei.ch\/de\/#website"},"datePublished":"2023-07-03T12:48:54+00:00","dateModified":"2023-07-12T07:19:33+00:00","breadcrumb":{"@id":"https:\/\/stage.hanimann-malerei.ch\/de\/datenschutz\/#breadcrumb"},"inLanguage":"de-CH","potentialAction":[{"@type":"ReadAction","target":["https:\/\/stage.hanimann-malerei.ch\/de\/datenschutz\/"]}]},{"@type":"BreadcrumbList","@id":"https:\/\/stage.hanimann-malerei.ch\/de\/datenschutz\/#breadcrumb","itemListElement":[{"@type":"ListItem","position":1,"name":"Startseite","item":"https:\/\/www.hanimann-malerei.ch\/"},{"@type":"ListItem","position":2,"name":"Datenschutz"}]},{"@type":"WebSite","@id":"https:\/\/stage.hanimann-malerei.ch\/de\/#website","url":"https:\/\/stage.hanimann-malerei.ch\/de\/","name":"Malerei Gebr. Hanimann","description":"","potentialAction":[{"@type":"SearchAction","target":{"@type":"EntryPoint","urlTemplate":"https:\/\/stage.hanimann-malerei.ch\/de\/?s={search_term_string}"},"query-input":"required name=search_term_string"}],"inLanguage":"de-CH"}]}},"_links":{"self":[{"href":"https:\/\/www.hanimann-malerei.ch\/de\/wp-json\/wp\/v2\/pages\/8733"}],"collection":[{"href":"https:\/\/www.hanimann-malerei.ch\/de\/wp-json\/wp\/v2\/pages"}],"about":[{"href":"https:\/\/www.hanimann-malerei.ch\/de\/wp-json\/wp\/v2\/types\/page"}],"author":[{"embeddable":true,"href":"https:\/\/www.hanimann-malerei.ch\/de\/wp-json\/wp\/v2\/users\/2"}],"replies":[{"embeddable":true,"href":"https:\/\/www.hanimann-malerei.ch\/de\/wp-json\/wp\/v2\/comments?post=8733"}],"version-history":[{"count":0,"href":"https:\/\/www.hanimann-malerei.ch\/de\/wp-json\/wp\/v2\/pages\/8733\/revisions"}],"wp:attachment":[{"href":"https:\/\/www.hanimann-malerei.ch\/de\/wp-json\/wp\/v2\/media?parent=8733"}],"curies":[{"name":"wp","href":"https:\/\/api.w.org\/{rel}","templated":true}]}}